{"id":411,"date":"2024-11-05T10:37:15","date_gmt":"2024-11-05T09:37:15","guid":{"rendered":"https:\/\/evrt.dk\/privatlivspolitik-2\/"},"modified":"2024-11-05T10:37:15","modified_gmt":"2024-11-05T09:37:15","slug":"privatlivspolitik","status":"publish","type":"page","link":"https:\/\/evrt.dk\/en\/privatlivspolitik\/","title":{"rendered":"Privatlivspolitik"},"content":{"rendered":"<h1>Fortrolighedspolitik<\/h1>\n<p>Ikrafttr\u00e6delsesdato: 2025-03-11<\/p>\n<p>Opdateret den: 2025-03-11<\/p>\n<p>Fortrolighedspolitikken forklarer EVRT ApS s politikker vedr\u00f8rende indsamling og brug af de<br \/>\noplysninger vi indsamler, n\u00e5r du har adgang til https:\/\/evrt.dk\/ (&#8220;Tjenesten&#8221;) Fortrolighedspolitikken beskriver dine<br \/>\nfortrolighedsrettigheder, og hvoran du er beskyttet i henhold til privatlivsbeskyttelseslovene.<\/p>\n<p>Ved at benytte vores Tjeneste samtykker du til indsamlingen og brugen af oplysningerne i<br \/>\noverensstemmelse med denne Fortrolighedspolitik. Benyt venligst ikke vores Tjeneste, hvis du ikke samtykker til<br \/>\nindsamlingen og brugen af oplysningerne, som beskrevet i denne Fortrolighedspolitik. Denne Fortrolighedspolitik er<br \/>\nblevet oprettet ved hj\u00e6lp af <a href=\"https:\/\/cookie-script.com\/privacy-policy-generator\" target=\"_blank\" rel=\"noopener\">Cookiescript Privacy Policy Generator<\/a>.<\/p>\n<p>EVRT ApS har tilladelse til at modificere denne Fortrolighedspolitik til enhver tid. Dette kan ske uden forudg\u00e5ende varsel.<\/p>\n<p>EVRT ApS vil l\u00e6gge den reviderede Fortrolighedspolitik op p\u00e5 https:\/\/evrt.dk\/-webstedet.<\/p>\n<h3>Indsamling og brug af dine personlige oplysninger<\/h3>\n<h4>Oplysninger, vi indsamler<\/h4>\n<p>N\u00e5r du benytter vores Tjeneste, bliver du bedt om at give os personlige oplysninger, der bruges til at kontakte eller identificere dig. https:\/\/evrt.dk\/ indsamler de f\u00f8lgende oplysninger:<\/p>\n<ul>\n<li>Brugsdata<\/li>\n<li>Navn<\/li>\n<li>E-mail<\/li>\n<li>Mobilnummer<\/li>\n<li>Betalingsoplysninger<\/li>\n<\/ul>\n<p>Brugsdata omfatter f\u00f8lgende:<\/p>\n<ul>\n<li>Internetprotokoladresse (IP) p\u00e5 computere, der har adgang til siden<\/li>\n<li>Hjemmesideanmodninger<\/li>\n<li>Henvisende websider<\/li>\n<li>Browseren, der benyttes til at f\u00e5 adgang til webstedet<\/li>\n<li>Tidspunkt og dato for adgang<\/li>\n<\/ul>\n<h4>S\u00e5dan indsamler vi oplysninger<\/h4>\n<p>https:\/\/evrt.dk\/ indsamler og modtager oplysninger fra dig p\u00e5 f\u00f8lgende m\u00e5de:<\/p>\n<ul>\n<li>N\u00e5r du udfylder en registreringsformular eller p\u00e5 anden m\u00e5de indsender dine personlige oplysninger.<\/li>\n<li>N\u00e5r du interagerer med vores Tjeneste.<\/li>\n<\/ul>\n<p>Dine oplysninger bliver gemt i op til 360 dag(e), efter<br \/>\ndu har lukket din konto. Dine oplysninger kan opbevares i l\u00e6ngere perioder med henblik p\u00e5 rapportering eller<br \/>\nregisterf\u00f8ring i overensstemmelse med den g\u00e6ldende lovgivning. Oplysninger, der ikke identificerer dig personligt, kan<br \/>\nopbevares p\u00e5 ubestemt tid.<\/p>\n<h4>S\u00e5dan bruger vi dine oplysninger<\/h4>\n<p>https:\/\/evrt.dk\/ kan bruge dine oplysninger til f\u00f8lgende form\u00e5l:<\/p>\n<ul>\n<li><b>Levere og vedligeholde vores Tjeneste<\/b> samt monitorere brugen af vores Tjeneste.<\/li>\n<li><b>Til andre form\u00e5l.<\/b> EVRT ApS bruger dine oplysninger til dataanalyse for at identificere brugstendenser eller bed\u00f8mme effektiviteten af vores markedsf\u00f8ringskampagner, n\u00e5r det er rimeligt. Vi bruger dine oplysninger til at evaluere og forbedre vores Tjeneste, produkter, tjenester og markedsf\u00f8ringsindsatser.<\/li>\n<li><b>M\u00e5lrettet annoncering.<\/b> Dine Personlige data vil blive brugt til at forbedre annonceringsindsatser, der er relevante for dine specifikke interesser.<\/li>\n<li><b>Markedsf\u00f8ring og kampagneinitiativer.<\/b> EVRT ApS vil bruge ikke-specifikke oplysninger, der er indsamlet fra dig, med henblik p\u00e5 at forbedre vores markedsf\u00f8ringsindsatser.<\/li>\n<li><b>Administrationsoplysninger.<\/b> Dine Personlige data vil blive brugt som en del af drift af vores websteds administrationspraksisser.<\/li>\n<\/ul>\n<h4>S\u00e5dan deler vi dine oplysninger<\/h4>\n<p>EVRT ApS vil dele dine oplysninger, n\u00e5r det er relevant, i de f\u00f8lgende situationer:<\/p>\n<ul>\n<li><b>Med dit samtykke.<\/b> EVRT ApS vil dele dine oplysninger til enhver type form\u00e5l med dit udtrykkelige samtykke.<\/li>\n<\/ul>\n<h4>Tredjepartsdeling<\/h4>\n<p>Enhver tredjepart, som vi deler dine oplysninger med, skal oplyse, til hvilket form\u00e5l de har til hensigt at bruge dine oplysninger. De skal kun opbevare dine oplysninger i den periode, som der oplyses, n\u00e5r der anmodes om de p\u00e5g\u00e6ldende oplysninger. Tredjepartstjenesteudbyderen skal ikke yderligere indsamle, s\u00e6lge eller bruge dine personlige oplysninger, undtagen som n\u00f8dvendigt for at udf\u00f8re det specificerede form\u00e5l.<\/p>\n<p>Dine oplysninger kan deles med en tredjepart af grunde, der omfatter:<\/p>\n<ul>\n<li><b>Analyseoplysninger.<\/b> Dine oplysninger kan blive delt med onlineanalysev\u00e6rkt\u00f8jer for at spore og analysere webstedstraffik.<\/li>\n<li><b>Betalingsbehandling og gendannelsestjenester.<\/b> Dine oplysninger vil blive brugt til at behandle betalinger i tilf\u00e6lde af et k\u00f8b, en refundering eller en anden lignende anmodning.<\/li>\n<li><b>Markedsf\u00f8ringsinitiativer.<\/b> Dine oplysninger vil blive brugt til at generere og sende nyhedsbreve, e-mail-markedsf\u00f8ring, annoncering med mere.<\/li>\n<li><b>Forbedring af m\u00e5lrettet annoncekampagner.<\/b> EVRT ApS indg\u00e5r partnerskab med tredjepartstjenesteudbydere for at forbedre m\u00e5lrettede annoncekampagner.<\/li>\n<\/ul>\n<p>Hvis du v\u00e6lger at levere s\u00e5danne oplysninger under registrering eller i andre forbindelser, giver du EVRT ApS tilladelse til at bruge, dele og opbevare de oplysninger p\u00e5 en m\u00e5de, der stemmer overens med denne Fortrolighedspolitik.<\/p>\n<p>Dine oplysninger kan deles af yderligere grunde, herunder:<\/p>\n<ul>\n<li>Overholdelse af g\u00e6ldende love, bestemmelser eller domstolsordrer.<\/li>\n<li>Besvarelse p\u00e5 p\u00e5stande om, at din brug af vores Tjeneste overtr\u00e6der tredjeparters rettigheder.<\/li>\n<li>H\u00e5ndh\u00e6ve aftaler, du indg\u00e5r med os, herunder Fortrolighedspolitikken.<\/li>\n<\/ul>\n<h4>Cookies<\/h4>\n<p>Cookies er sm\u00e5 tekstfiler, der placeres p\u00e5 din computer af websteder, du bes\u00f8ger. Websteder bruger cookies for at hj\u00e6lpe brugere med at navigere effektivt ud udf\u00f8re s\u00e6rlige funktioner. Cookies, der er n\u00f8dvendige for, at webstedet fungerer korrekt, m\u00e5 placeres uden din tilladelse. Alle andre cookies skal godkendes, f\u00f8r de kan blive placeret i browseren.<\/p>\n<ul>\n<li><b>Absolut n\u00f8dvendige cookies.<\/b> Absolut n\u00f8dvendige cookies muligg\u00f8r hjemmesidens grundl\u00e6ggende funktionalitet s\u00e5som brugerlogin og kontoadministration. Hjemmesiden kan ikke bruges korrekt uden de absolut n\u00f8dvendige cookies.<\/li>\n<li><b>Ydeevnecookies.<\/b> Ydeevnecookies bruges til at se, hvordan bes\u00f8gende bruger hjemmesiden, f.eks. analytiske cookies. Disse cookies kan ikke bruges til direkte identifikation af specifikke bes\u00f8gende.<\/li>\n<li><b>M\u00e5lretningscookies.<\/b> M\u00e5lretningscookies bruges til at identificere bes\u00f8gende mellem forskellige hjemmesider, f.eks. indholdspartnere, bannernetv\u00e6rk. Disse cookies kan bruges af virksomheder til at oprette en profil over den bes\u00f8gendes interesser eller vise relevante annoncer p\u00e5 andre hjemmesider.<\/li>\n<li><b>Funktionalitetscookies.<\/b> Funktionalitetscookies bruges til at huske oplysninger om bes\u00f8gende p\u00e5 hjemmesiden, f.eks. sprog, tidszone, udvidet indhold.<\/li>\n<li><b>Uklassificerede cookies.<\/b> Uklassificerede cookies er cookies, der ikke h\u00f8rer til i nogen af de andre kategorier eller cookies, der er ved at blive kategoriseret.<\/li>\n<\/ul>\n<div class=\"cookie-report-container\">\n<p data-cookiereport=\"true\">Du kan \u00e6ndre dit samtykke til brug af cookies herunder.<\/p>\n<p><script type=\"text\/javascript\" charset=\"UTF-8\" data-cookiescriptreport=\"report\" data-cs-lang=\"da\" src=\"\/\/report.cookie-script.com\/r\/ca7ef4f236f1111446e1f98236cbf144.js\" >\n            <\/script><\/p>\n<\/div>\n<h4>Sikkerhed<\/h4>\n<p>Sikkerheden for dine oplysninger er vigtig for us. https:\/\/evrt.dk\/ benytter en r\u00e6kke forskellige sikkerhedsforanstaltninger for at forhindre misbrug, tab eller modificereing af de oplysninger, du har givet os. Men da vi ikke kan garantere sikkerheden for de oplysninger, du giver os, f\u00e5r du adgang til vores tjeneste p\u00e5 eget ansvar.<\/p>\n<p>EVRT ApS er ikke ansvarlig for ydelsen af websteder, der drives af tredjeparter, eller dine interaktioner med dem. N\u00e5r du forlader dette websted, anbefaler vi, at du gennemser privatlivspraksisserne for andre websteder, du interagerer med, og bed\u00f8mmer tilstr\u00e6kkeligheden af disse praksisser.<\/p>\n<h4>Kontakt os<\/h4>\n<p>Hvis du har sp\u00f8rgsm\u00e5l, bedes du kontakte os ved hj\u00e6lp af de f\u00f8lgende metoder:<\/p>\n<p>Navn: EVRT ApS<\/p>\n<p>Adresse: Langelinie 4A<\/p>\n<p>E-mail: info@evrt.dk<\/p>\n<p>Websted: https:\/\/evrt.dk\/<\/p>\n<p>Telefon: (+45) 30 20 97 98<\/p>\n","protected":false},"excerpt":{"rendered":"<p>Fortrolighedspolitik Ikrafttr\u00e6delsesdato: 2025-03-11 Opdateret den: 2025-03-11 Fortrolighedspolitikken forklarer EVRT ApS s politikker vedr\u00f8rende indsamling og brug af de oplysninger vi&#8230;<\/p>\n","protected":false},"author":1,"featured_media":0,"parent":0,"menu_order":0,"comment_status":"closed","ping_status":"open","template":"","meta":{"_acf_changed":false,"inline_featured_image":false,"footnotes":""},"class_list":["post-411","page","type-page","status-publish","hentry"],"acf":[],"yoast_head":"<!-- This site is optimized with the Yoast SEO plugin v25.1 - https:\/\/yoast.com\/wordpress\/plugins\/seo\/ -->\n<title>Privatlivspolitik - evrt.dk<\/title>\n<meta name=\"robots\" content=\"index, follow, max-snippet:-1, max-image-preview:large, max-video-preview:-1\" \/>\n<link rel=\"canonical\" href=\"https:\/\/evrt.dk\/en\/privatlivspolitik\/\" \/>\n<meta property=\"og:locale\" content=\"en_US\" \/>\n<meta property=\"og:type\" content=\"article\" \/>\n<meta property=\"og:title\" content=\"Privatlivspolitik - evrt.dk\" \/>\n<meta property=\"og:description\" content=\"Fortrolighedspolitik Ikrafttr\u00e6delsesdato: 2025-03-11 Opdateret den: 2025-03-11 Fortrolighedspolitikken forklarer EVRT ApS s politikker vedr\u00f8rende indsamling og brug af de oplysninger vi...\" \/>\n<meta property=\"og:url\" content=\"https:\/\/evrt.dk\/en\/privatlivspolitik\/\" \/>\n<meta property=\"og:site_name\" content=\"evrt.dk\" \/>\n<meta property=\"article:publisher\" content=\"https:\/\/www.facebook.com\/evrtdk\/\" \/>\n<meta name=\"twitter:card\" content=\"summary_large_image\" \/>\n<meta name=\"twitter:label1\" content=\"Est. reading time\" \/>\n\t<meta name=\"twitter:data1\" content=\"5 minutes\" \/>\n<script type=\"application\/ld+json\" class=\"yoast-schema-graph\">{\"@context\":\"https:\/\/schema.org\",\"@graph\":[{\"@type\":\"WebPage\",\"@id\":\"https:\/\/evrt.dk\/en\/privatlivspolitik\/\",\"url\":\"https:\/\/evrt.dk\/en\/privatlivspolitik\/\",\"name\":\"Privatlivspolitik - evrt.dk\",\"isPartOf\":{\"@id\":\"https:\/\/evrt.dk\/en\/#website\"},\"datePublished\":\"2024-11-05T09:37:15+00:00\",\"breadcrumb\":{\"@id\":\"https:\/\/evrt.dk\/en\/privatlivspolitik\/#breadcrumb\"},\"inLanguage\":\"en-US\",\"potentialAction\":[{\"@type\":\"ReadAction\",\"target\":[\"https:\/\/evrt.dk\/en\/privatlivspolitik\/\"]}]},{\"@type\":\"BreadcrumbList\",\"@id\":\"https:\/\/evrt.dk\/en\/privatlivspolitik\/#breadcrumb\",\"itemListElement\":[{\"@type\":\"ListItem\",\"position\":1,\"name\":\"Hjem\",\"item\":\"https:\/\/evrt.dk\/en\/\"},{\"@type\":\"ListItem\",\"position\":2,\"name\":\"Privatlivspolitik\"}]},{\"@type\":\"WebSite\",\"@id\":\"https:\/\/evrt.dk\/en\/#website\",\"url\":\"https:\/\/evrt.dk\/en\/\",\"name\":\"evrt.dk\",\"description\":\"\",\"publisher\":{\"@id\":\"https:\/\/evrt.dk\/en\/#organization\"},\"potentialAction\":[{\"@type\":\"SearchAction\",\"target\":{\"@type\":\"EntryPoint\",\"urlTemplate\":\"https:\/\/evrt.dk\/en\/?s={search_term_string}\"},\"query-input\":{\"@type\":\"PropertyValueSpecification\",\"valueRequired\":true,\"valueName\":\"search_term_string\"}}],\"inLanguage\":\"en-US\"},{\"@type\":\"Organization\",\"@id\":\"https:\/\/evrt.dk\/en\/#organization\",\"name\":\"EVRT\",\"url\":\"https:\/\/evrt.dk\/en\/\",\"logo\":{\"@type\":\"ImageObject\",\"inLanguage\":\"en-US\",\"@id\":\"https:\/\/evrt.dk\/en\/#\/schema\/logo\/image\/\",\"url\":\"https:\/\/evrt.dk\/wp-content\/uploads\/2025\/05\/EVRT-logo.webp\",\"contentUrl\":\"https:\/\/evrt.dk\/wp-content\/uploads\/2025\/05\/EVRT-logo.webp\",\"width\":302,\"height\":94,\"caption\":\"EVRT\"},\"image\":{\"@id\":\"https:\/\/evrt.dk\/en\/#\/schema\/logo\/image\/\"},\"sameAs\":[\"https:\/\/www.facebook.com\/evrtdk\/\",\"https:\/\/www.youtube.com\/channel\/UCt3HzYfKq-NGIJ29lqGwfig\"]}]}<\/script>\n<!-- \/ Yoast SEO plugin. -->","yoast_head_json":{"title":"Privatlivspolitik - evrt.dk","robots":{"index":"index","follow":"follow","max-snippet":"max-snippet:-1","max-image-preview":"max-image-preview:large","max-video-preview":"max-video-preview:-1"},"canonical":"https:\/\/evrt.dk\/en\/privatlivspolitik\/","og_locale":"en_US","og_type":"article","og_title":"Privatlivspolitik - evrt.dk","og_description":"Fortrolighedspolitik Ikrafttr\u00e6delsesdato: 2025-03-11 Opdateret den: 2025-03-11 Fortrolighedspolitikken forklarer EVRT ApS s politikker vedr\u00f8rende indsamling og brug af de oplysninger vi...","og_url":"https:\/\/evrt.dk\/en\/privatlivspolitik\/","og_site_name":"evrt.dk","article_publisher":"https:\/\/www.facebook.com\/evrtdk\/","twitter_card":"summary_large_image","twitter_misc":{"Est. reading time":"5 minutes"},"schema":{"@context":"https:\/\/schema.org","@graph":[{"@type":"WebPage","@id":"https:\/\/evrt.dk\/en\/privatlivspolitik\/","url":"https:\/\/evrt.dk\/en\/privatlivspolitik\/","name":"Privatlivspolitik - evrt.dk","isPartOf":{"@id":"https:\/\/evrt.dk\/en\/#website"},"datePublished":"2024-11-05T09:37:15+00:00","breadcrumb":{"@id":"https:\/\/evrt.dk\/en\/privatlivspolitik\/#breadcrumb"},"inLanguage":"en-US","potentialAction":[{"@type":"ReadAction","target":["https:\/\/evrt.dk\/en\/privatlivspolitik\/"]}]},{"@type":"BreadcrumbList","@id":"https:\/\/evrt.dk\/en\/privatlivspolitik\/#breadcrumb","itemListElement":[{"@type":"ListItem","position":1,"name":"Hjem","item":"https:\/\/evrt.dk\/en\/"},{"@type":"ListItem","position":2,"name":"Privatlivspolitik"}]},{"@type":"WebSite","@id":"https:\/\/evrt.dk\/en\/#website","url":"https:\/\/evrt.dk\/en\/","name":"evrt.dk","description":"","publisher":{"@id":"https:\/\/evrt.dk\/en\/#organization"},"potentialAction":[{"@type":"SearchAction","target":{"@type":"EntryPoint","urlTemplate":"https:\/\/evrt.dk\/en\/?s={search_term_string}"},"query-input":{"@type":"PropertyValueSpecification","valueRequired":true,"valueName":"search_term_string"}}],"inLanguage":"en-US"},{"@type":"Organization","@id":"https:\/\/evrt.dk\/en\/#organization","name":"EVRT","url":"https:\/\/evrt.dk\/en\/","logo":{"@type":"ImageObject","inLanguage":"en-US","@id":"https:\/\/evrt.dk\/en\/#\/schema\/logo\/image\/","url":"https:\/\/evrt.dk\/wp-content\/uploads\/2025\/05\/EVRT-logo.webp","contentUrl":"https:\/\/evrt.dk\/wp-content\/uploads\/2025\/05\/EVRT-logo.webp","width":302,"height":94,"caption":"EVRT"},"image":{"@id":"https:\/\/evrt.dk\/en\/#\/schema\/logo\/image\/"},"sameAs":["https:\/\/www.facebook.com\/evrtdk\/","https:\/\/www.youtube.com\/channel\/UCt3HzYfKq-NGIJ29lqGwfig"]}]}},"_links":{"self":[{"href":"https:\/\/evrt.dk\/en\/wp-json\/wp\/v2\/pages\/411","targetHints":{"allow":["GET"]}}],"collection":[{"href":"https:\/\/evrt.dk\/en\/wp-json\/wp\/v2\/pages"}],"about":[{"href":"https:\/\/evrt.dk\/en\/wp-json\/wp\/v2\/types\/page"}],"author":[{"embeddable":true,"href":"https:\/\/evrt.dk\/en\/wp-json\/wp\/v2\/users\/1"}],"replies":[{"embeddable":true,"href":"https:\/\/evrt.dk\/en\/wp-json\/wp\/v2\/comments?post=411"}],"version-history":[{"count":0,"href":"https:\/\/evrt.dk\/en\/wp-json\/wp\/v2\/pages\/411\/revisions"}],"wp:attachment":[{"href":"https:\/\/evrt.dk\/en\/wp-json\/wp\/v2\/media?parent=411"}],"curies":[{"name":"wp","href":"https:\/\/api.w.org\/{rel}","templated":true}]}}